{"id":3,"date":"2020-12-21T10:41:12","date_gmt":"2020-12-21T10:41:12","guid":{"rendered":"https:\/\/www.opte-energi.no\/?page_id=3"},"modified":"2022-03-23T16:35:12","modified_gmt":"2022-03-23T16:35:12","slug":"personvaernerklaering","status":"publish","type":"page","link":"https:\/\/www.opt-e.no\/en\/personvaernerklaering\/","title":{"rendered":"Privacy statement"},"content":{"rendered":"<div data-elementor-type=\"wp-page\" data-elementor-id=\"3\" class=\"elementor elementor-3\">\n\t\t\t\t\t\t<div class=\"elementor-inner\">\n\t\t\t\t<div class=\"elementor-section-wrap\">\n\t\t\t\t\t\t\t\t\t<section class=\"elementor-section elementor-top-section elementor-element elementor-element-30e8ffb elementor-section-boxed elementor-section-height-default elementor-section-height-default\" data-id=\"30e8ffb\" data-element_type=\"section\">\n\t\t\t\t\t\t<div class=\"elementor-container elementor-column-gap-default\">\n\t\t\t\t\t\t\t<div class=\"elementor-row\">\n\t\t\t\t\t<div class=\"elementor-column elementor-col-100 elementor-top-column elementor-element elementor-element-534128a\" data-id=\"534128a\" data-element_type=\"column\">\n\t\t\t<div class=\"elementor-column-wrap elementor-element-populated\">\n\t\t\t\t\t\t\t<div class=\"elementor-widget-wrap\">\n\t\t\t\t\t\t<div class=\"elementor-element elementor-element-c9a537b elementor-widget elementor-widget-heading\" data-id=\"c9a537b\" data-element_type=\"widget\" data-widget_type=\"heading.default\">\n\t\t\t\t<div class=\"elementor-widget-container\">\n\t\t\t<h1 class=\"elementor-heading-title elementor-size-default\">Privacy statement<\/h1>\t\t<\/div>\n\t\t\t\t<\/div>\n\t\t\t\t\t\t<\/div>\n\t\t\t\t\t<\/div>\n\t\t<\/div>\n\t\t\t\t\t\t\t\t<\/div>\n\t\t\t\t\t<\/div>\n\t\t<\/section>\n\t\t\t\t<section class=\"elementor-section elementor-top-section elementor-element elementor-element-38cd360 elementor-section-boxed elementor-section-height-default elementor-section-height-default\" data-id=\"38cd360\" data-element_type=\"section\">\n\t\t\t\t\t\t<div class=\"elementor-container elementor-column-gap-default\">\n\t\t\t\t\t\t\t<div class=\"elementor-row\">\n\t\t\t\t\t<div class=\"elementor-column elementor-col-100 elementor-top-column elementor-element elementor-element-331f439\" data-id=\"331f439\" data-element_type=\"column\">\n\t\t\t<div class=\"elementor-column-wrap elementor-element-populated\">\n\t\t\t\t\t\t\t<div class=\"elementor-widget-wrap\">\n\t\t\t\t\t\t<div class=\"elementor-element elementor-element-17b128f elementor-widget elementor-widget-text-editor\" data-id=\"17b128f\" data-element_type=\"widget\" data-widget_type=\"text-editor.default\">\n\t\t\t\t<div class=\"elementor-widget-container\">\n\t\t\t\t\t\t\t\t<div class=\"elementor-text-editor elementor-clearfix\">\n\t\t\t\t<p><strong>1. Introduction<br \/><\/strong>This Privacy Statement applies to Opt-E AS (hereinafter referred to as \"we\") and explains how your privacy is handled by us.<\/p><p>Our basis for processing personal data will vary, will consist of your consent or because it is required by law.\u00a0<\/p><p><strong>2. About personal data, consent and cookies<br \/><\/strong>Personal data is information and assessments that can be linked to an identifiable individual. This can be your name, address, phone number, email address, and IP address.<\/p><p><strong>Optional information sharing<\/strong><\/p><p>We only store certain information if you give us active consent to collect it. If we use such services, we ask you for consent to this on our website, and we only collect the information if you give us consent. If you do not consider the question, we will not collect the information. This applies, for example, to information from a contact form that you choose to fill in.<\/p><p><strong>3. Sharing information<\/strong><\/p><p>In some cases, we share personal data with other companies that perform services on our behalf. This is primarily to give you a safer and better experience. Here are the key examples:\u00a0\u00a0\u00a0\u00a0\u00a0\u00a0\u00a0\u00a0\u00a0\u00a0\u00a0<\/p><p><strong>a) We share information with the following third parties<\/strong><\/p><ul><li><strong>Google Analytics<\/strong><ul><li>Information about usage patterns on the website (including which pages have been visited and when) is shared with Google that is linked to you as a user in a partially anonymised way. We will not be able to link this to you personally, but we may use the information to see general usage patterns on our website and to be able to send you tailored advertising.<\/li><\/ul><\/li><\/ul><ul><li><strong>Contact forms<\/strong><ul><li>If you use one of our contact forms, the form will be sent by e-mail to us and will be stored on our E-mail server. A copy of the Email may also be stored in a database as well, to ensure that we have received your message should the Email not arrive.<\/li><\/ul><\/li><\/ul><p><strong>b) In case of suspected offence<\/strong><\/p><p>information may be disclosed to public authorities upon request. We may also disclose information in the event of suspicion of fraud, or information necessary to clarify specific disputes.<\/p><p><strong>4. Erasure of personal data<\/strong><\/p><p>You are entitled to delete all of our information about you upon request if we are not required by law to store it. You can contact us about this to terminate your customer relationship by sending us an email.<\/p><p><strong>5. Securing personal data<\/strong><\/p><p>We take care of your privacy and have control over this, so that nothing is passed on to other agencies.<\/p><p><strong>6. Especially about marketing in e-mail and SMS<\/strong><\/p><p>If you have an active customer relationship with us, we may send you marketing by e-mail or with other electronic communication methods in accordance with Section 15 of the Marketing Act. It includes newsletters and other inquiries regarding content, services, offers, promotions and events from us, via email, telephone, SMS and social media.<\/p><p>However, if you do not have an active customer relationship, we will only send such marketing if you have given us consent to do so.\u00a0<\/p><p><strong>7. Changes to the Privacy Policy<\/strong><\/p><p>We may periodically update or change the Privacy Statement.<\/p><p>In the event of major changes, we will inform you of this.<\/p><p><strong>8. Right to appeal<\/strong><\/p><p>You have the right to complain to a supervisory authority, which in Norway is the Norwegian Data Protection Authority.<\/p><p><strong>9. Contact information<\/strong><\/p><p>If you have any questions about our privacy policy, please contact <a href=\"mailto:post@opt-e.no\">post@opt-e.no<\/a><\/p>\t\t\t\t\t<\/div>\n\t\t\t\t\t\t<\/div>\n\t\t\t\t<\/div>\n\t\t\t\t\t\t<\/div>\n\t\t\t\t\t<\/div>\n\t\t<\/div>\n\t\t\t\t\t\t\t\t<\/div>\n\t\t\t\t\t<\/div>\n\t\t<\/section>\n\t\t\t\t\t\t\t\t\t<\/div>\n\t\t\t<\/div>\n\t\t\t\t\t<\/div>","protected":false},"excerpt":{"rendered":"<p>Personvernekl\u00e6ring 1. InnledningDenne personvernerkl\u00e6ringen gjelder for Opt-E AS (heretter omtalt som \u00abvi\u00bb) og forklarer hvordan ditt personvern blir h\u00e5ndtert av oss. V\u00e5rt grunnlag for \u00e5 behandle personopplysninger vil variere, vil best\u00e5 av ditt samtykke eller fordi det er lovp\u00e5lagt.\u00a0 2. Om personopplysninger, samtykke og informasjonskapslerPersonopplysninger er opplysninger og vurderinger som kan knyttes til en identifiserbar [&hellip;]<\/p>","protected":false},"author":1,"featured_media":1589,"parent":0,"menu_order":0,"comment_status":"closed","ping_status":"open","template":"elementor_header_footer","meta":[],"yoast_head":"<!-- This site is optimized with the Yoast SEO plugin v19.2 - https:\/\/yoast.com\/wordpress\/plugins\/seo\/ -->\n<title>Personvernerkl\u00e6ring - Opt-E<\/title>\n<meta name=\"robots\" content=\"noindex, follow\" \/>\n<meta property=\"og:locale\" content=\"en_GB\" \/>\n<meta property=\"og:type\" content=\"article\" \/>\n<meta property=\"og:title\" content=\"Personvernerkl\u00e6ring - Opt-E\" \/>\n<meta property=\"og:description\" content=\"Personvernekl\u00e6ring 1. InnledningDenne personvernerkl\u00e6ringen gjelder for Opt-E AS (heretter omtalt som \u00abvi\u00bb) og forklarer hvordan ditt personvern blir h\u00e5ndtert av oss. V\u00e5rt grunnlag for \u00e5 behandle personopplysninger vil variere, vil best\u00e5 av ditt samtykke eller fordi det er lovp\u00e5lagt.\u00a0 2. Om personopplysninger, samtykke og informasjonskapslerPersonopplysninger er opplysninger og vurderinger som kan knyttes til en identifiserbar [&hellip;]\" \/>\n<meta property=\"og:url\" content=\"https:\/\/www.opt-e.no\/en\/personvaernerklaering\/\" \/>\n<meta property=\"article:modified_time\" content=\"2022-03-23T16:35:12+00:00\" \/>\n<meta property=\"og:image\" content=\"https:\/\/www.opt-e.no\/wp-content\/uploads\/2021\/06\/Logo-Opt-E.jpg\" \/>\n\t<meta property=\"og:image:width\" content=\"1533\" \/>\n\t<meta property=\"og:image:height\" content=\"784\" \/>\n\t<meta property=\"og:image:type\" content=\"image\/jpeg\" \/>\n<meta name=\"author\" content=\"opte-energi\" \/>\n<meta name=\"twitter:card\" content=\"summary_large_image\" \/>\n<meta name=\"twitter:label1\" content=\"Estimated reading time\" \/>\n\t<meta name=\"twitter:data1\" content=\"3 minutes\" \/>\n<script type=\"application\/ld+json\" class=\"yoast-schema-graph\">{\"@context\":\"https:\/\/schema.org\",\"@graph\":[{\"@type\":\"WebSite\",\"@id\":\"https:\/\/www.opt-e.no\/#website\",\"url\":\"https:\/\/www.opt-e.no\/\",\"name\":\"\",\"description\":\"\",\"potentialAction\":[{\"@type\":\"SearchAction\",\"target\":{\"@type\":\"EntryPoint\",\"urlTemplate\":\"https:\/\/www.opt-e.no\/?s={search_term_string}\"},\"query-input\":\"required name=search_term_string\"}],\"inLanguage\":\"en-GB\"},{\"@type\":\"ImageObject\",\"inLanguage\":\"en-GB\",\"@id\":\"https:\/\/www.opt-e.no\/personvaernerklaering\/#primaryimage\",\"url\":\"https:\/\/www.opt-e.no\/wp-content\/uploads\/2020\/12\/Opt-E-Logo.png\",\"contentUrl\":\"https:\/\/www.opt-e.no\/wp-content\/uploads\/2020\/12\/Opt-E-Logo.png\"},{\"@type\":\"WebPage\",\"@id\":\"https:\/\/www.opt-e.no\/personvaernerklaering\/#webpage\",\"url\":\"https:\/\/www.opt-e.no\/personvaernerklaering\/\",\"name\":\"Personvernerkl\u00e6ring - Opt-E\",\"isPartOf\":{\"@id\":\"https:\/\/www.opt-e.no\/#website\"},\"primaryImageOfPage\":{\"@id\":\"https:\/\/www.opt-e.no\/personvaernerklaering\/#primaryimage\"},\"datePublished\":\"2020-12-21T10:41:12+00:00\",\"dateModified\":\"2022-03-23T16:35:12+00:00\",\"breadcrumb\":{\"@id\":\"https:\/\/www.opt-e.no\/personvaernerklaering\/#breadcrumb\"},\"inLanguage\":\"en-GB\",\"potentialAction\":[{\"@type\":\"ReadAction\",\"target\":[\"https:\/\/www.opt-e.no\/personvaernerklaering\/\"]}]},{\"@type\":\"BreadcrumbList\",\"@id\":\"https:\/\/www.opt-e.no\/personvaernerklaering\/#breadcrumb\",\"itemListElement\":[{\"@type\":\"ListItem\",\"position\":1,\"name\":\"Hjem\",\"item\":\"https:\/\/www.opt-e.no\/\"},{\"@type\":\"ListItem\",\"position\":2,\"name\":\"Personvernerkl\u00e6ring\"}]}]}<\/script>\n<!-- \/ Yoast SEO plugin. -->","yoast_head_json":{"title":"Personvernerkl\u00e6ring - Opt-E","robots":{"index":"noindex","follow":"follow"},"og_locale":"en_GB","og_type":"article","og_title":"Personvernerkl\u00e6ring - Opt-E","og_description":"Personvernekl\u00e6ring 1. InnledningDenne personvernerkl\u00e6ringen gjelder for Opt-E AS (heretter omtalt som \u00abvi\u00bb) og forklarer hvordan ditt personvern blir h\u00e5ndtert av oss. V\u00e5rt grunnlag for \u00e5 behandle personopplysninger vil variere, vil best\u00e5 av ditt samtykke eller fordi det er lovp\u00e5lagt.\u00a0 2. Om personopplysninger, samtykke og informasjonskapslerPersonopplysninger er opplysninger og vurderinger som kan knyttes til en identifiserbar [&hellip;]","og_url":"https:\/\/www.opt-e.no\/en\/personvaernerklaering\/","article_modified_time":"2022-03-23T16:35:12+00:00","og_image":[{"width":1533,"height":784,"url":"https:\/\/www.opt-e.no\/wp-content\/uploads\/2021\/06\/Logo-Opt-E.jpg","type":"image\/jpeg"}],"author":"opte-energi","twitter_card":"summary_large_image","twitter_misc":{"Estimated reading time":"3 minutes"},"schema":{"@context":"https:\/\/schema.org","@graph":[{"@type":"WebSite","@id":"https:\/\/www.opt-e.no\/#website","url":"https:\/\/www.opt-e.no\/","name":"","description":"","potentialAction":[{"@type":"SearchAction","target":{"@type":"EntryPoint","urlTemplate":"https:\/\/www.opt-e.no\/?s={search_term_string}"},"query-input":"required name=search_term_string"}],"inLanguage":"en-GB"},{"@type":"ImageObject","inLanguage":"en-GB","@id":"https:\/\/www.opt-e.no\/personvaernerklaering\/#primaryimage","url":"https:\/\/www.opt-e.no\/wp-content\/uploads\/2020\/12\/Opt-E-Logo.png","contentUrl":"https:\/\/www.opt-e.no\/wp-content\/uploads\/2020\/12\/Opt-E-Logo.png"},{"@type":"WebPage","@id":"https:\/\/www.opt-e.no\/personvaernerklaering\/#webpage","url":"https:\/\/www.opt-e.no\/personvaernerklaering\/","name":"Personvernerkl\u00e6ring - Opt-E","isPartOf":{"@id":"https:\/\/www.opt-e.no\/#website"},"primaryImageOfPage":{"@id":"https:\/\/www.opt-e.no\/personvaernerklaering\/#primaryimage"},"datePublished":"2020-12-21T10:41:12+00:00","dateModified":"2022-03-23T16:35:12+00:00","breadcrumb":{"@id":"https:\/\/www.opt-e.no\/personvaernerklaering\/#breadcrumb"},"inLanguage":"en-GB","potentialAction":[{"@type":"ReadAction","target":["https:\/\/www.opt-e.no\/personvaernerklaering\/"]}]},{"@type":"BreadcrumbList","@id":"https:\/\/www.opt-e.no\/personvaernerklaering\/#breadcrumb","itemListElement":[{"@type":"ListItem","position":1,"name":"Hjem","item":"https:\/\/www.opt-e.no\/"},{"@type":"ListItem","position":2,"name":"Personvernerkl\u00e6ring"}]}]}},"_links":{"self":[{"href":"https:\/\/www.opt-e.no\/en\/wp-json\/wp\/v2\/pages\/3"}],"collection":[{"href":"https:\/\/www.opt-e.no\/en\/wp-json\/wp\/v2\/pages"}],"about":[{"href":"https:\/\/www.opt-e.no\/en\/wp-json\/wp\/v2\/types\/page"}],"author":[{"embeddable":true,"href":"https:\/\/www.opt-e.no\/en\/wp-json\/wp\/v2\/users\/1"}],"replies":[{"embeddable":true,"href":"https:\/\/www.opt-e.no\/en\/wp-json\/wp\/v2\/comments?post=3"}],"version-history":[{"count":12,"href":"https:\/\/www.opt-e.no\/en\/wp-json\/wp\/v2\/pages\/3\/revisions"}],"predecessor-version":[{"id":1735,"href":"https:\/\/www.opt-e.no\/en\/wp-json\/wp\/v2\/pages\/3\/revisions\/1735"}],"wp:featuredmedia":[{"embeddable":true,"href":"https:\/\/www.opt-e.no\/en\/wp-json\/wp\/v2\/media\/1589"}],"wp:attachment":[{"href":"https:\/\/www.opt-e.no\/en\/wp-json\/wp\/v2\/media?parent=3"}],"curies":[{"name":"wp","href":"https:\/\/api.w.org\/{rel}","templated":true}]}}